{"id":93,"date":"2021-03-31T15:29:01","date_gmt":"2021-03-31T20:29:01","guid":{"rendered":"https:\/\/dev.residencemurray.com\/?page_id=93"},"modified":"2021-05-04T13:36:24","modified_gmt":"2021-05-04T18:36:24","slug":"notre-mission-lexcellence","status":"publish","type":"page","link":"https:\/\/dev.residencemurray.com\/index.php\/notre-mission-lexcellence\/","title":{"rendered":"Notre Mission : L&rsquo;EXCELLENCE !"},"content":{"rendered":"\n<h2 class=\"wp-block-heading\"> DU\u00a0 JAMAIS VU ! La R\u00e9sidence Murray obtient le prix \u00ab\u00a0R\u00e9sidence de l\u2019ann\u00e9e\u00a0\u00bb pour la 3<sup>\u00e8<\/sup> ann\u00e9e cons\u00e9cutive !<\/h2>\n\n\n\n<div class=\"wp-block-columns is-layout-flex wp-container-core-columns-is-layout-9d6595d7 wp-block-columns-is-layout-flex\">\n<div class=\"wp-block-column is-layout-flow wp-block-column-is-layout-flow\"><\/div>\n\n\n\n<div class=\"wp-block-column is-layout-flow wp-block-column-is-layout-flow\"><\/div>\n\n\n\n<div class=\"wp-block-column is-layout-flow wp-block-column-is-layout-flow\"><\/div>\n<\/div>\n\n\n\n<p><\/p>\n\n\n\n<p><\/p>\n\n\n\n<p>C\u2019est avec une immense fiert\u00e9 que Mr Pierre Chapdelaine, propri\u00e9taire de la R\u00e9sidence Murray \u00e0 Sherbrooke, vous annonce que la R\u00e9sidence Murray s\u2019est vu d\u00e9cerner, pour la troisi\u00e8me ann\u00e9e cons\u00e9cutive, le prestigieux prix qu\u00e9b\u00e9cois de \u00ab&nbsp;R\u00e9sidence de l\u2019ann\u00e9e 2017&nbsp;\u00bb.<\/p>\n\n\n\n<p>Mr Chapdelaine souhaite avant tout remercier les membres du Regroupement qu\u00e9b\u00e9cois des R\u00e9sidences pour Ain\u00e9s pour leur vote. <em>\u00ab&nbsp;Gagner deux ann\u00e9es cons\u00e9cutives \u00e9tait d\u00e9j\u00e0 quelque chose, mais remporter ce prix une troisi\u00e8me ann\u00e9e de suite est une cons\u00e9cration ! Je suis immens\u00e9ment fier du travail accompli par toute mon \u00e9quipe ! Et nous n\u2019avons pas encore fini!&nbsp;Avec tout nos projets actuellement en cours, il y a encore de belles choses \u00e0 venir\u00bb<\/em> s\u2019est par la suite exclam\u00e9 Mr Chapdelaine.<\/p>\n\n\n\n<p>L&rsquo;\u00c9quipe de Direction souligne que cette distinction est le fruit du travail conjoint de toute l\u2019\u00e9quipe des employ\u00e9s lesquels, par leur professionnalisme constant et leur d\u00e9vouement font de la R\u00e9sidence Murray un milieu de vie accueillant, chaleureux et s\u00e9curitaire au sein duquel nos r\u00e9sidents sont choy\u00e9s et re\u00e7oivent des soins adapt\u00e9s.<\/p>\n\n\n\n<p>Gagner ce prix cette ann\u00e9e encore comporte des accents tous particuliers&nbsp;: <em>\u00abGagner encore une fois le prix \u00ab&nbsp;R\u00e9sidence de l\u2019ann\u00e9e&nbsp;\u00bb&nbsp; me conforte dans l\u2019id\u00e9e que la R\u00e9sidence Murray est la place id\u00e9ale pour les ain\u00e9s de l\u2019Est de la ville&nbsp;\u00bb<\/em> conclut Mr Chapdelaine.<\/p>\n","protected":false},"excerpt":{"rendered":"<p>DU\u00a0 JAMAIS VU ! La R\u00e9sidence Murray obtient le prix \u00ab\u00a0R\u00e9sidence de l\u2019ann\u00e9e\u00a0\u00bb pour la 3\u00e8 ann\u00e9e cons\u00e9cutive ! C\u2019est avec une immense fiert\u00e9 que Mr Pierre Chapdelaine, propri\u00e9taire de la R\u00e9sidence Murray \u00e0 Sherbrooke, vous annonce que la R\u00e9sidence Murray s\u2019est vu d\u00e9cerner, pour la troisi\u00e8me ann\u00e9e cons\u00e9cutive, le prestigieux prix qu\u00e9b\u00e9cois de \u00ab&nbsp;R\u00e9sidence &hellip; <\/p>\n<p class=\"link-more\"><a href=\"https:\/\/dev.residencemurray.com\/index.php\/notre-mission-lexcellence\/\" class=\"more-link\">Continuer la lecture<span class=\"screen-reader-text\"> de &laquo;&nbsp;Notre Mission : L&rsquo;EXCELLENCE !&nbsp;&raquo;<\/span><\/a><\/p>\n","protected":false},"author":1,"featured_media":114,"parent":0,"menu_order":0,"comment_status":"closed","ping_status":"closed","template":"","meta":{"footnotes":""},"class_list":["post-93","page","type-page","status-publish","has-post-thumbnail","hentry"],"_links":{"self":[{"href":"https:\/\/dev.residencemurray.com\/index.php\/wp-json\/wp\/v2\/pages\/93","targetHints":{"allow":["GET"]}}],"collection":[{"href":"https:\/\/dev.residencemurray.com\/index.php\/wp-json\/wp\/v2\/pages"}],"about":[{"href":"https:\/\/dev.residencemurray.com\/index.php\/wp-json\/wp\/v2\/types\/page"}],"author":[{"embeddable":true,"href":"https:\/\/dev.residencemurray.com\/index.php\/wp-json\/wp\/v2\/users\/1"}],"replies":[{"embeddable":true,"href":"https:\/\/dev.residencemurray.com\/index.php\/wp-json\/wp\/v2\/comments?post=93"}],"version-history":[{"count":6,"href":"https:\/\/dev.residencemurray.com\/index.php\/wp-json\/wp\/v2\/pages\/93\/revisions"}],"predecessor-version":[{"id":119,"href":"https:\/\/dev.residencemurray.com\/index.php\/wp-json\/wp\/v2\/pages\/93\/revisions\/119"}],"wp:featuredmedia":[{"embeddable":true,"href":"https:\/\/dev.residencemurray.com\/index.php\/wp-json\/wp\/v2\/media\/114"}],"wp:attachment":[{"href":"https:\/\/dev.residencemurray.com\/index.php\/wp-json\/wp\/v2\/media?parent=93"}],"curies":[{"name":"wp","href":"https:\/\/api.w.org\/{rel}","templated":true}]}}