{"id":43,"date":"2021-03-25T11:02:02","date_gmt":"2021-03-25T16:02:02","guid":{"rendered":"https:\/\/dev.residencemurray.com\/?page_id=43"},"modified":"2021-05-04T14:35:46","modified_gmt":"2021-05-04T19:35:46","slug":"videos","status":"publish","type":"page","link":"https:\/\/dev.residencemurray.com\/index.php\/videos\/","title":{"rendered":"Soins et services"},"content":{"rendered":"\n<p class=\"has-black-color has-text-color has-medium-font-size\"><strong>UNIT\u00c9S<\/strong><\/p>\n\n\n\n<p class=\"has-black-color has-text-color has-medium-font-size\">132 unit\u00e9s | deux b\u00e2timents de 3 et 7 \u00e9tages<\/p>\n\n\n\n<p class=\"has-black-color has-text-color has-medium-font-size\">Studio,&nbsp;2&nbsp;\u00bd et&nbsp;3&nbsp;\u00bd<\/p>\n\n\n\n<p class=\"has-black-color has-text-color has-medium-font-size\"><strong>SP\u00c9CIFICATIONS<\/strong><\/p>\n\n\n\n<p class=\"has-black-color has-text-color has-medium-font-size\">R\u00e9sidence&nbsp;\u00e9volutive pour personnes&nbsp;autonomes, semi-autonomes et en perte cognitive<\/p>\n\n\n\n<p class=\"has-black-color has-text-color has-medium-font-size\">Infirmi\u00e8res, infirmi\u00e8res auxiliaires et pr\u00e9pos\u00e9s pr\u00e9sents sur place<\/p>\n\n\n\n<p class=\"has-black-color has-text-color has-medium-font-size\">S\u00e9curit\u00e9 24h\/24<\/p>\n\n\n\n<p class=\"has-black-color has-text-color has-medium-font-size\"><strong>\u00c0 la location d&rsquo;un STUDIO, les principales inclusions sont :<\/strong> <\/p>\n\n\n\n<p><\/p>\n\n\n\n<p><\/p>\n\n\n\n<ul class=\"wp-block-list\"><li>3 repas et 3 collations par jour\u00a0<\/li><li>\u00c9lectricit\u00e9, eau chaude et chauffage <\/li><li>Ligne t\u00e9l\u00e9phonique incluant 100 minutes interurbain Canada-\u00c9tats-Unis<\/li><li>C\u00e2blodistribution num\u00e9rique avec 23 canaux <\/li><li>Internet Wi-Fi<\/li><li>Entretien m\u00e9nager hebdomadaire<\/li><li>Buanderie hebdomadaire\u00a0<\/li><li>Prise des signes vitaux mensuelle\u00a0<\/li><li>Activit\u00e9s 7 jours\/semaine<\/li><\/ul>\n\n\n\n<p><\/p>\n\n\n\n<p class=\"has-black-color has-text-color has-medium-font-size\"><strong>\u00c0 la location d&rsquo;un APPARTEMENT, les principales inclusions sont <\/strong>: <\/p>\n\n\n\n<ul class=\"wp-block-list\"><li>5 \u00e9lectrom\u00e9nagers haut de gamme<\/li><li>D\u00eener <\/li><li>\u00c9lectricit\u00e9, eau chaude et chauffage<\/li><li>Ligne t\u00e9l\u00e9phonique incluant 100 minutes interurbain Canada-\u00c9tats-Unis<\/li><li>C\u00e2blodistribution num\u00e9rique avec 23 canaux de base <\/li><li>Internet Wi-Fi <\/li><li>Entretien hebdomadaire des chambres<\/li><li>Grand balcon individuel<\/li><li>Salle de loisir multifonctionnelle<\/li><li>Toit-terrasse enti\u00e8rement am\u00e9nag\u00e9<\/li><\/ul>\n\n\n\n<p><\/p>\n","protected":false},"excerpt":{"rendered":"<p>UNIT\u00c9S 132 unit\u00e9s | deux b\u00e2timents de 3 et 7 \u00e9tages Studio,&nbsp;2&nbsp;\u00bd et&nbsp;3&nbsp;\u00bd SP\u00c9CIFICATIONS R\u00e9sidence&nbsp;\u00e9volutive pour personnes&nbsp;autonomes, semi-autonomes et en perte cognitive Infirmi\u00e8res, infirmi\u00e8res auxiliaires et pr\u00e9pos\u00e9s pr\u00e9sents sur place S\u00e9curit\u00e9 24h\/24 \u00c0 la location d&rsquo;un STUDIO, les principales inclusions sont : 3 repas et 3 collations par jour\u00a0 \u00c9lectricit\u00e9, eau chaude et chauffage Ligne &hellip; <\/p>\n<p class=\"link-more\"><a href=\"https:\/\/dev.residencemurray.com\/index.php\/videos\/\" class=\"more-link\">Continuer la lecture<span class=\"screen-reader-text\"> de &laquo;&nbsp;Soins et services&nbsp;&raquo;<\/span><\/a><\/p>\n","protected":false},"author":1,"featured_media":128,"parent":0,"menu_order":0,"comment_status":"closed","ping_status":"closed","template":"","meta":{"footnotes":""},"class_list":["post-43","page","type-page","status-publish","has-post-thumbnail","hentry"],"_links":{"self":[{"href":"https:\/\/dev.residencemurray.com\/index.php\/wp-json\/wp\/v2\/pages\/43","targetHints":{"allow":["GET"]}}],"collection":[{"href":"https:\/\/dev.residencemurray.com\/index.php\/wp-json\/wp\/v2\/pages"}],"about":[{"href":"https:\/\/dev.residencemurray.com\/index.php\/wp-json\/wp\/v2\/types\/page"}],"author":[{"embeddable":true,"href":"https:\/\/dev.residencemurray.com\/index.php\/wp-json\/wp\/v2\/users\/1"}],"replies":[{"embeddable":true,"href":"https:\/\/dev.residencemurray.com\/index.php\/wp-json\/wp\/v2\/comments?post=43"}],"version-history":[{"count":5,"href":"https:\/\/dev.residencemurray.com\/index.php\/wp-json\/wp\/v2\/pages\/43\/revisions"}],"predecessor-version":[{"id":133,"href":"https:\/\/dev.residencemurray.com\/index.php\/wp-json\/wp\/v2\/pages\/43\/revisions\/133"}],"wp:featuredmedia":[{"embeddable":true,"href":"https:\/\/dev.residencemurray.com\/index.php\/wp-json\/wp\/v2\/media\/128"}],"wp:attachment":[{"href":"https:\/\/dev.residencemurray.com\/index.php\/wp-json\/wp\/v2\/media?parent=43"}],"curies":[{"name":"wp","href":"https:\/\/api.w.org\/{rel}","templated":true}]}}