{"id":104,"date":"2021-05-04T12:20:23","date_gmt":"2021-05-04T17:20:23","guid":{"rendered":"https:\/\/dev.residencemurray.com\/?page_id=104"},"modified":"2021-05-04T14:46:31","modified_gmt":"2021-05-04T19:46:31","slug":"temoignages","status":"publish","type":"page","link":"https:\/\/dev.residencemurray.com\/index.php\/temoignages\/","title":{"rendered":"T\u00e9moignages"},"content":{"rendered":"\n<div class=\"wp-block-group has-text-color\" style=\"color:#0638e5\"><div class=\"wp-block-group__inner-container is-layout-flow wp-block-group-is-layout-flow\">\n<p class=\"has-text-align-right\">J\u2019\u00e9tais \u00e0 la recherche pour ma m\u00e8re, d\u2019un \u00e9tablissement qui offrirait un service personnalis\u00e9, s\u00e9curisant et ce, dans un encadrement humain. C\u2019est exactement, ce que la R\u00e9sidence Murray offrait.<\/p>\n\n\n\n<p class=\"has-text-align-right\">Ma m\u00e8re habite maintenant depuis 4 mois \u00e0 la r\u00e9sidence et je peux vous dire que c\u2019est un soulagement que de savoir que votre m\u00e8re est si bien entour\u00e9e, qu\u2019elle vous dit que le personnel est chaleureux et rassurant mais qu\u2019en plus, qu\u2019elle aime les repas de tout les jours.<\/p>\n\n\n\n<p class=\"has-text-align-right\">En quelques mots, le personnel de la R\u00e9sidence Murray et leur approche humaine ont surpass\u00e9 mes attentes et celles de ma m\u00e8re.<\/p>\n\n\n\n<p class=\"has-text-align-right has-text-color\" style=\"color:#0e43ca\">Je vous en remercie tr\u00e8s sinc\u00e8rement !<\/p>\n<\/div><\/div>\n\n\n\n<p class=\"has-text-align-right\"><strong> G. Villeneuve<\/strong><\/p>\n\n\n\n<p><\/p>\n\n\n\n<p><\/p>\n\n\n\n<div class=\"wp-block-group\"><div class=\"wp-block-group__inner-container is-layout-flow wp-block-group-is-layout-flow\">\n<p class=\"has-text-align-right has-black-color has-text-color\">Tout le temps que ma m\u00e8re est rest\u00e9e aux R\u00e9sidence Murray, tout a \u00e9t\u00e9 tr\u00e8s bien. Que se soit pour la nourriture, service d&rsquo;hygi\u00e8ne ou les activit\u00e9s. Le personnel a \u00e9t\u00e9 tr\u00e8s gentil et serviable. Merci beaucoup pour tout.<\/p>\n\n\n\n<div class=\"wp-block-group\"><div class=\"wp-block-group__inner-container is-layout-flow wp-block-group-is-layout-flow\">\n<p class=\"has-black-color has-text-color\"><\/p>\n<\/div><\/div>\n\n\n\n<p class=\"has-text-align-right has-black-color has-text-color\"><strong>B. Fortin<\/strong><\/p>\n<\/div><\/div>\n\n\n\n<p><\/p>\n\n\n\n<div class=\"wp-block-group has-text-color\" style=\"color:#095ce2\"><div class=\"wp-block-group__inner-container is-layout-flow wp-block-group-is-layout-flow\">\n<p class=\"has-text-align-right has-text-color\" style=\"color:#0e43ca\">Notez que je n&rsquo;ai connu que l&rsquo;ancienne partie du b\u00e2timent. Il s&rsquo;agit d&rsquo;un endroit tr\u00e8s bien o\u00f9 ma m\u00e8re et, par la suite, sa s\u0153ur n&rsquo;ont eu que des commentaires positifs tant au niveau du personnel, des repas, des soins en g\u00e9n\u00e9ral, des services et des activit\u00e9s etc. Tout se d\u00e9roule dans le plus grand respect de chacun et je n&rsquo;ai jamais entendu de commentaires n\u00e9gatifs : au contraire. C&rsquo;est pourquoi je recommande la R\u00e9sidence Murray \u00e0 quiconque cherche un endroit s\u00e9curitaire o\u00f9 il fait bon vivre.<\/p>\n\n\n\n<p class=\"has-text-align-right has-black-color has-text-color\"><strong>A. Phaneuf<\/strong><\/p>\n<\/div><\/div>\n","protected":false},"excerpt":{"rendered":"<p>J\u2019\u00e9tais \u00e0 la recherche pour ma m\u00e8re, d\u2019un \u00e9tablissement qui offrirait un service personnalis\u00e9, s\u00e9curisant et ce, dans un encadrement humain. C\u2019est exactement, ce que la R\u00e9sidence Murray offrait. Ma m\u00e8re habite maintenant depuis 4 mois \u00e0 la r\u00e9sidence et je peux vous dire que c\u2019est un soulagement que de savoir que votre m\u00e8re est &hellip; <\/p>\n<p class=\"link-more\"><a href=\"https:\/\/dev.residencemurray.com\/index.php\/temoignages\/\" class=\"more-link\">Continuer la lecture<span class=\"screen-reader-text\"> de &laquo;&nbsp;T\u00e9moignages&nbsp;&raquo;<\/span><\/a><\/p>\n","protected":false},"author":1,"featured_media":108,"parent":0,"menu_order":0,"comment_status":"closed","ping_status":"closed","template":"","meta":{"footnotes":""},"class_list":["post-104","page","type-page","status-publish","has-post-thumbnail","hentry"],"_links":{"self":[{"href":"https:\/\/dev.residencemurray.com\/index.php\/wp-json\/wp\/v2\/pages\/104","targetHints":{"allow":["GET"]}}],"collection":[{"href":"https:\/\/dev.residencemurray.com\/index.php\/wp-json\/wp\/v2\/pages"}],"about":[{"href":"https:\/\/dev.residencemurray.com\/index.php\/wp-json\/wp\/v2\/types\/page"}],"author":[{"embeddable":true,"href":"https:\/\/dev.residencemurray.com\/index.php\/wp-json\/wp\/v2\/users\/1"}],"replies":[{"embeddable":true,"href":"https:\/\/dev.residencemurray.com\/index.php\/wp-json\/wp\/v2\/comments?post=104"}],"version-history":[{"count":6,"href":"https:\/\/dev.residencemurray.com\/index.php\/wp-json\/wp\/v2\/pages\/104\/revisions"}],"predecessor-version":[{"id":141,"href":"https:\/\/dev.residencemurray.com\/index.php\/wp-json\/wp\/v2\/pages\/104\/revisions\/141"}],"wp:featuredmedia":[{"embeddable":true,"href":"https:\/\/dev.residencemurray.com\/index.php\/wp-json\/wp\/v2\/media\/108"}],"wp:attachment":[{"href":"https:\/\/dev.residencemurray.com\/index.php\/wp-json\/wp\/v2\/media?parent=104"}],"curies":[{"name":"wp","href":"https:\/\/api.w.org\/{rel}","templated":true}]}}